{"id":320,"date":"2025-07-19T20:12:30","date_gmt":"2025-07-19T20:12:30","guid":{"rendered":"http:\/\/laurencehonnorat.com\/?page_id=320"},"modified":"2025-07-21T09:44:12","modified_gmt":"2025-07-21T09:44:12","slug":"mentions-legales","status":"publish","type":"page","link":"https:\/\/laurencehonnorat.com\/index.php\/mentions-legales\/","title":{"rendered":"Mentions l\u00e9gales"},"content":{"rendered":"\t\t<div data-elementor-type=\"wp-page\" data-elementor-id=\"320\" class=\"elementor elementor-320\" data-elementor-post-type=\"page\">\n\t\t\t\t<div class=\"elementor-element elementor-element-c6b8a86 e-flex e-con-boxed e-con e-child\" data-id=\"c6b8a86\" data-element_type=\"container\" data-e-type=\"container\">\n\t\t\t\t\t<div class=\"e-con-inner\">\n\t\t\t\t<div class=\"elementor-element elementor-element-2490fc74 elementor-nav-menu__align-start elementor-nav-menu--dropdown-tablet elementor-nav-menu__text-align-aside elementor-nav-menu--toggle elementor-nav-menu--burger elementor-widget elementor-widget-global elementor-global-149 elementor-widget-nav-menu\" data-id=\"2490fc74\" data-element_type=\"widget\" data-e-type=\"widget\" data-settings=\"{&quot;submenu_icon&quot;:{&quot;value&quot;:&quot;&quot;,&quot;library&quot;:&quot;&quot;},&quot;layout&quot;:&quot;horizontal&quot;,&quot;toggle&quot;:&quot;burger&quot;}\" data-widget_type=\"nav-menu.default\">\n\t\t\t\t\t\t\t\t<nav aria-label=\"Menu\" class=\"elementor-nav-menu--main elementor-nav-menu__container elementor-nav-menu--layout-horizontal e--pointer-none\">\n\t\t\t\t<ul id=\"menu-1-2490fc74\" class=\"elementor-nav-menu\"><li class=\"menu-item menu-item-type-post_type menu-item-object-page menu-item-home menu-item-817\"><a href=\"https:\/\/laurencehonnorat.com\/\" class=\"elementor-item\">Accueil<\/a><\/li>\n<li class=\"menu-item menu-item-type-post_type menu-item-object-page menu-item-821\"><a href=\"https:\/\/laurencehonnorat.com\/index.php\/ecriture\/\" class=\"elementor-item\">Ecriture<\/a><\/li>\n<li class=\"menu-item menu-item-type-post_type menu-item-object-page menu-item-1647\"><a href=\"https:\/\/laurencehonnorat.com\/index.php\/conferences\/\" class=\"elementor-item\">Conf\u00e9rences<\/a><\/li>\n<li class=\"menu-item menu-item-type-post_type menu-item-object-page menu-item-822\"><a href=\"https:\/\/laurencehonnorat.com\/index.php\/photographie\/\" class=\"elementor-item\">Photographie<\/a><\/li>\n<li class=\"menu-item menu-item-type-post_type menu-item-object-page menu-item-818\"><a href=\"https:\/\/laurencehonnorat.com\/index.php\/biographie\/\" class=\"elementor-item\">Biographie<\/a><\/li>\n<li class=\"menu-item menu-item-type-post_type menu-item-object-page menu-item-820\"><a href=\"https:\/\/laurencehonnorat.com\/index.php\/contact\/\" class=\"elementor-item\">Contact<\/a><\/li>\n<\/ul>\t\t\t<\/nav>\n\t\t\t\t\t<div class=\"elementor-menu-toggle\" role=\"button\" tabindex=\"0\" aria-label=\"Menu Toggle\" aria-expanded=\"false\">\n\t\t\t<svg aria-hidden=\"true\" role=\"presentation\" class=\"elementor-menu-toggle__icon--open e-font-icon-svg e-eicon-menu-bar\" viewBox=\"0 0 1000 1000\" xmlns=\"http:\/\/www.w3.org\/2000\/svg\"><path d=\"M104 333H896C929 333 958 304 958 271S929 208 896 208H104C71 208 42 237 42 271S71 333 104 333ZM104 583H896C929 583 958 554 958 521S929 458 896 458H104C71 458 42 487 42 521S71 583 104 583ZM104 833H896C929 833 958 804 958 771S929 708 896 708H104C71 708 42 737 42 771S71 833 104 833Z\"><\/path><\/svg><svg aria-hidden=\"true\" role=\"presentation\" class=\"elementor-menu-toggle__icon--close e-font-icon-svg e-eicon-close\" viewBox=\"0 0 1000 1000\" xmlns=\"http:\/\/www.w3.org\/2000\/svg\"><path d=\"M742 167L500 408 258 167C246 154 233 150 217 150 196 150 179 158 167 167 154 179 150 196 150 212 150 229 154 242 171 254L408 500 167 742C138 771 138 800 167 829 196 858 225 858 254 829L496 587 738 829C750 842 767 846 783 846 800 846 817 842 829 829 842 817 846 804 846 783 846 767 842 750 829 737L588 500 833 258C863 229 863 200 833 171 804 137 775 137 742 167Z\"><\/path><\/svg>\t\t<\/div>\n\t\t\t\t\t<nav class=\"elementor-nav-menu--dropdown elementor-nav-menu__container\" aria-hidden=\"true\">\n\t\t\t\t<ul id=\"menu-2-2490fc74\" class=\"elementor-nav-menu\"><li class=\"menu-item menu-item-type-post_type menu-item-object-page menu-item-home menu-item-817\"><a href=\"https:\/\/laurencehonnorat.com\/\" class=\"elementor-item\" tabindex=\"-1\">Accueil<\/a><\/li>\n<li class=\"menu-item menu-item-type-post_type menu-item-object-page menu-item-821\"><a href=\"https:\/\/laurencehonnorat.com\/index.php\/ecriture\/\" class=\"elementor-item\" tabindex=\"-1\">Ecriture<\/a><\/li>\n<li class=\"menu-item menu-item-type-post_type menu-item-object-page menu-item-1647\"><a href=\"https:\/\/laurencehonnorat.com\/index.php\/conferences\/\" class=\"elementor-item\" tabindex=\"-1\">Conf\u00e9rences<\/a><\/li>\n<li class=\"menu-item menu-item-type-post_type menu-item-object-page menu-item-822\"><a href=\"https:\/\/laurencehonnorat.com\/index.php\/photographie\/\" class=\"elementor-item\" tabindex=\"-1\">Photographie<\/a><\/li>\n<li class=\"menu-item menu-item-type-post_type menu-item-object-page menu-item-818\"><a href=\"https:\/\/laurencehonnorat.com\/index.php\/biographie\/\" class=\"elementor-item\" tabindex=\"-1\">Biographie<\/a><\/li>\n<li class=\"menu-item menu-item-type-post_type menu-item-object-page menu-item-820\"><a href=\"https:\/\/laurencehonnorat.com\/index.php\/contact\/\" class=\"elementor-item\" tabindex=\"-1\">Contact<\/a><\/li>\n<\/ul>\t\t\t<\/nav>\n\t\t\t\t\t\t<\/div>\n\t\t\t\t<div class=\"elementor-element elementor-element-3085e38d elementor-widget elementor-widget-global elementor-global-159 elementor-widget-text-editor\" data-id=\"3085e38d\" data-element_type=\"widget\" data-e-type=\"widget\" data-widget_type=\"text-editor.default\">\n\t\t\t\t\t\t\t\t\t<p>Laurence Honnorat Story &amp; Vision<\/p><h4>Autrice, photographe, conf\u00e9renci\u00e8re &amp; conseil en conception et pilotage d&#8217;\u00e9v\u00e9nements scientifiques<\/h4>\t\t\t\t\t\t\t\t<\/div>\n\t\t\t\t\t<\/div>\n\t\t\t\t<\/div>\n\t\t<div class=\"elementor-element elementor-element-ca16f44 e-flex e-con-boxed e-con e-parent\" data-id=\"ca16f44\" data-element_type=\"container\" data-e-type=\"container\">\n\t\t\t\t\t<div class=\"e-con-inner\">\n\t\t<div class=\"elementor-element elementor-element-b549105 e-con-full e-flex e-con e-child\" data-id=\"b549105\" data-element_type=\"container\" data-e-type=\"container\">\n\t\t\t\t<div class=\"elementor-element elementor-element-7e9da27 elementor-widget elementor-widget-text-editor\" data-id=\"7e9da27\" data-element_type=\"widget\" data-e-type=\"widget\" data-widget_type=\"text-editor.default\">\n\t\t\t\t\t\t\t\t\t<h5>Soci\u00e9t\u00e9 :<\/h5><p>Statut de la soci\u00e9t\u00e9 : entrepreneur individuel<\/p><p>Nom de la soci\u00e9t\u00e9 : Laurence Honnorat Story &amp; Vision<\/p><p>N\u00b0 Siren :\u00a0989 193 842<\/p><p>N\u00b0 Siret : 98919384200014<\/p><p>APE : 9003B &#8211; Autre cr\u00e9ation artistique<\/p><p>Nom du responsable : Laurence Honnorat<\/p><p>TVA non applicable : article 293 B du CGI<\/p>\t\t\t\t\t\t\t\t<\/div>\n\t\t\t\t<\/div>\n\t\t<div class=\"elementor-element elementor-element-60929f5 e-con-full e-flex e-con e-child\" data-id=\"60929f5\" data-element_type=\"container\" data-e-type=\"container\">\n\t\t\t\t<div class=\"elementor-element elementor-element-e78dea0 elementor-widget elementor-widget-text-editor\" data-id=\"e78dea0\" data-element_type=\"widget\" data-e-type=\"widget\" data-widget_type=\"text-editor.default\">\n\t\t\t\t\t\t\t\t\t<h5>Coordonn\u00e9es :<\/h5><p>Adresse :\u00a01 rue Guisarde &#8211; 75006 Paris &#8211; France<\/p><p>Email : laurence.honnorat@icloud.com<\/p><p>T\u00e9l\u00e9phone\u00a0: +33 9 82 34 24 95<\/p><p>Site :\u00a0www.laurencehonnorat.com<\/p>\t\t\t\t\t\t\t\t<\/div>\n\t\t\t\t<div class=\"elementor-element elementor-element-b2f1419 elementor-widget elementor-widget-text-editor\" data-id=\"b2f1419\" data-element_type=\"widget\" data-e-type=\"widget\" data-widget_type=\"text-editor.default\">\n\t\t\t\t\t\t\t\t\t<h5>Informations pratiques :<\/h5><p>Nom de la banque :\u00a0CIC<\/p><p>N\u00b0 de la banque :\u00a0Agence Paris Saint-Michel &#8211; France<\/p><p>Responsable (contenu) : Laurence Honnorat<\/p><p>H\u00e9bergeur :\u00a0OVH<\/p>\t\t\t\t\t\t\t\t<\/div>\n\t\t\t\t<\/div>\n\t\t\t\t\t<\/div>\n\t\t\t\t<\/div>\n\t\t<div class=\"elementor-element elementor-element-a32de79 e-flex e-con-boxed e-con e-parent\" data-id=\"a32de79\" data-element_type=\"container\" data-e-type=\"container\">\n\t\t\t\t\t<div class=\"e-con-inner\">\n\t\t\t\t<div class=\"elementor-element elementor-element-bff5c0f elementor-nav-menu--dropdown-tablet elementor-nav-menu__text-align-aside elementor-nav-menu--toggle elementor-nav-menu--burger elementor-widget elementor-widget-global elementor-global-327 elementor-widget-nav-menu\" data-id=\"bff5c0f\" data-element_type=\"widget\" data-e-type=\"widget\" data-settings=\"{&quot;layout&quot;:&quot;horizontal&quot;,&quot;submenu_icon&quot;:{&quot;value&quot;:&quot;fas fa-caret-down&quot;,&quot;library&quot;:&quot;fa-solid&quot;},&quot;toggle&quot;:&quot;burger&quot;}\" data-widget_type=\"nav-menu.default\">\n\t\t\t\t\t\t\t\t<nav aria-label=\"Menu\" class=\"elementor-nav-menu--main elementor-nav-menu__container elementor-nav-menu--layout-horizontal e--pointer-none\">\n\t\t\t\t<ul id=\"menu-1-bff5c0f\" class=\"elementor-nav-menu\"><li class=\"menu-item menu-item-type-post_type menu-item-object-page menu-item-home menu-item-326\"><a href=\"https:\/\/laurencehonnorat.com\/\" class=\"elementor-item\">Accueil<\/a><\/li>\n<li class=\"menu-item menu-item-type-post_type menu-item-object-page menu-item-325\"><a href=\"https:\/\/laurencehonnorat.com\/index.php\/mentions-legales\/\" class=\"elementor-item\">Mentions l\u00e9gales<\/a><\/li>\n<li class=\"menu-item menu-item-type-post_type menu-item-object-page menu-item-378\"><a href=\"https:\/\/laurencehonnorat.com\/index.php\/elementor-361\/\" class=\"elementor-item\">Conditions g\u00e9n\u00e9rales d\u2019utilisation<\/a><\/li>\n<li class=\"menu-item menu-item-type-custom menu-item-object-custom menu-item-816\"><a href=\"#\" class=\"elementor-item elementor-item-anchor\">@ Innovaxiom 2025<\/a><\/li>\n<li class=\"menu-item menu-item-type-custom menu-item-object-custom menu-item-548\"><a href=\"#\" class=\"elementor-item elementor-item-anchor\">Raconter. Photographier. Relier.<\/a><\/li>\n<\/ul>\t\t\t<\/nav>\n\t\t\t\t\t<div class=\"elementor-menu-toggle\" role=\"button\" tabindex=\"0\" aria-label=\"Menu Toggle\" aria-expanded=\"false\">\n\t\t\t<svg aria-hidden=\"true\" role=\"presentation\" class=\"elementor-menu-toggle__icon--open e-font-icon-svg e-eicon-menu-bar\" viewBox=\"0 0 1000 1000\" xmlns=\"http:\/\/www.w3.org\/2000\/svg\"><path d=\"M104 333H896C929 333 958 304 958 271S929 208 896 208H104C71 208 42 237 42 271S71 333 104 333ZM104 583H896C929 583 958 554 958 521S929 458 896 458H104C71 458 42 487 42 521S71 583 104 583ZM104 833H896C929 833 958 804 958 771S929 708 896 708H104C71 708 42 737 42 771S71 833 104 833Z\"><\/path><\/svg><svg aria-hidden=\"true\" role=\"presentation\" class=\"elementor-menu-toggle__icon--close e-font-icon-svg e-eicon-close\" viewBox=\"0 0 1000 1000\" xmlns=\"http:\/\/www.w3.org\/2000\/svg\"><path d=\"M742 167L500 408 258 167C246 154 233 150 217 150 196 150 179 158 167 167 154 179 150 196 150 212 150 229 154 242 171 254L408 500 167 742C138 771 138 800 167 829 196 858 225 858 254 829L496 587 738 829C750 842 767 846 783 846 800 846 817 842 829 829 842 817 846 804 846 783 846 767 842 750 829 737L588 500 833 258C863 229 863 200 833 171 804 137 775 137 742 167Z\"><\/path><\/svg>\t\t<\/div>\n\t\t\t\t\t<nav class=\"elementor-nav-menu--dropdown elementor-nav-menu__container\" aria-hidden=\"true\">\n\t\t\t\t<ul id=\"menu-2-bff5c0f\" class=\"elementor-nav-menu\"><li class=\"menu-item menu-item-type-post_type menu-item-object-page menu-item-home menu-item-326\"><a href=\"https:\/\/laurencehonnorat.com\/\" class=\"elementor-item\" tabindex=\"-1\">Accueil<\/a><\/li>\n<li class=\"menu-item menu-item-type-post_type menu-item-object-page menu-item-325\"><a href=\"https:\/\/laurencehonnorat.com\/index.php\/mentions-legales\/\" class=\"elementor-item\" tabindex=\"-1\">Mentions l\u00e9gales<\/a><\/li>\n<li class=\"menu-item menu-item-type-post_type menu-item-object-page menu-item-378\"><a href=\"https:\/\/laurencehonnorat.com\/index.php\/elementor-361\/\" class=\"elementor-item\" tabindex=\"-1\">Conditions g\u00e9n\u00e9rales d\u2019utilisation<\/a><\/li>\n<li class=\"menu-item menu-item-type-custom menu-item-object-custom menu-item-816\"><a href=\"#\" class=\"elementor-item elementor-item-anchor\" tabindex=\"-1\">@ Innovaxiom 2025<\/a><\/li>\n<li class=\"menu-item menu-item-type-custom menu-item-object-custom menu-item-548\"><a href=\"#\" class=\"elementor-item elementor-item-anchor\" tabindex=\"-1\">Raconter. Photographier. Relier.<\/a><\/li>\n<\/ul>\t\t\t<\/nav>\n\t\t\t\t\t\t<\/div>\n\t\t\t\t\t<\/div>\n\t\t\t\t<\/div>\n\t\t\t\t<\/div>\n\t\t","protected":false},"excerpt":{"rendered":"<p>Laurence Honnorat Story &amp; Vision Autrice, photographe, conf\u00e9renci\u00e8re &amp; conseil en conception et pilotage d&#8217;\u00e9v\u00e9nements scientifiques Soci\u00e9t\u00e9 : Statut de la soci\u00e9t\u00e9 : entrepreneur individuel Nom de la soci\u00e9t\u00e9 : Laurence Honnorat Story &amp; Vision N\u00b0 Siren :\u00a0989 193 842 N\u00b0 Siret : 98919384200014 APE : 9003B &#8211; Autre cr\u00e9ation artistique Nom du responsable : [&hellip;]<\/p>\n","protected":false},"author":1,"featured_media":0,"parent":0,"menu_order":0,"comment_status":"closed","ping_status":"closed","template":"elementor_canvas","meta":{"_acf_changed":false,"footnotes":""},"class_list":["post-320","page","type-page","status-publish","hentry"],"acf":[],"yoast_head":"<!-- This site is optimized with the Yoast SEO Premium plugin v27.3 (Yoast SEO v27.3) - https:\/\/yoast.com\/product\/yoast-seo-premium-wordpress\/ -->\n<title>Mentions l\u00e9gales - Laurence Honnorat - Story &amp; Vision<\/title>\n<meta name=\"robots\" content=\"index, follow, max-snippet:-1, max-image-preview:large, max-video-preview:-1\" \/>\n<link rel=\"canonical\" href=\"https:\/\/laurencehonnorat.com\/index.php\/mentions-legales\/\" \/>\n<meta property=\"og:locale\" content=\"en_US\" \/>\n<meta property=\"og:type\" content=\"article\" \/>\n<meta property=\"og:title\" content=\"Mentions l\u00e9gales\" \/>\n<meta property=\"og:description\" content=\"Laurence Honnorat Story &amp; Vision Autrice, photographe, conf\u00e9renci\u00e8re &amp; conseil en conception et pilotage d&#8217;\u00e9v\u00e9nements scientifiques Soci\u00e9t\u00e9 : Statut de la soci\u00e9t\u00e9 : entrepreneur individuel Nom de la soci\u00e9t\u00e9 : Laurence Honnorat Story &amp; Vision N\u00b0 Siren :\u00a0989 193 842 N\u00b0 Siret : 98919384200014 APE : 9003B &#8211; Autre cr\u00e9ation artistique Nom du responsable : [&hellip;]\" \/>\n<meta property=\"og:url\" content=\"https:\/\/laurencehonnorat.com\/index.php\/mentions-legales\/\" \/>\n<meta property=\"og:site_name\" content=\"Laurence Honnorat - Story &amp; Vision\" \/>\n<meta property=\"article:modified_time\" content=\"2025-07-21T09:44:12+00:00\" \/>\n<meta name=\"twitter:card\" content=\"summary_large_image\" \/>\n<script type=\"application\/ld+json\" class=\"yoast-schema-graph\">{\"@context\":\"https:\\\/\\\/schema.org\",\"@graph\":[{\"@type\":\"WebPage\",\"@id\":\"https:\\\/\\\/laurencehonnorat.com\\\/index.php\\\/mentions-legales\\\/\",\"url\":\"https:\\\/\\\/laurencehonnorat.com\\\/index.php\\\/mentions-legales\\\/\",\"name\":\"Mentions l\u00e9gales - Laurence Honnorat - Story &amp; Vision\",\"isPartOf\":{\"@id\":\"https:\\\/\\\/laurencehonnorat.com\\\/#website\"},\"datePublished\":\"2025-07-19T20:12:30+00:00\",\"dateModified\":\"2025-07-21T09:44:12+00:00\",\"breadcrumb\":{\"@id\":\"https:\\\/\\\/laurencehonnorat.com\\\/index.php\\\/mentions-legales\\\/#breadcrumb\"},\"inLanguage\":\"en-US\",\"potentialAction\":[{\"@type\":\"ReadAction\",\"target\":[\"https:\\\/\\\/laurencehonnorat.com\\\/index.php\\\/mentions-legales\\\/\"]}]},{\"@type\":\"BreadcrumbList\",\"@id\":\"https:\\\/\\\/laurencehonnorat.com\\\/index.php\\\/mentions-legales\\\/#breadcrumb\",\"itemListElement\":[{\"@type\":\"ListItem\",\"position\":1,\"name\":\"Home\",\"item\":\"https:\\\/\\\/laurencehonnorat.com\\\/\"},{\"@type\":\"ListItem\",\"position\":2,\"name\":\"Mentions l\u00e9gales\"}]},{\"@type\":\"WebSite\",\"@id\":\"https:\\\/\\\/laurencehonnorat.com\\\/#website\",\"url\":\"https:\\\/\\\/laurencehonnorat.com\\\/\",\"name\":\"Laurence Honnorat - Story & Vision\",\"description\":\"Autrice - Photographe - Conf\u00e9renci\u00e8re - Project leader\",\"publisher\":{\"@id\":\"https:\\\/\\\/laurencehonnorat.com\\\/#\\\/schema\\\/person\\\/2338afe52b5d5281402a4d95a29d7965\"},\"potentialAction\":[{\"@type\":\"SearchAction\",\"target\":{\"@type\":\"EntryPoint\",\"urlTemplate\":\"https:\\\/\\\/laurencehonnorat.com\\\/?s={search_term_string}\"},\"query-input\":{\"@type\":\"PropertyValueSpecification\",\"valueRequired\":true,\"valueName\":\"search_term_string\"}}],\"inLanguage\":\"en-US\"},{\"@type\":[\"Person\",\"Organization\"],\"@id\":\"https:\\\/\\\/laurencehonnorat.com\\\/#\\\/schema\\\/person\\\/2338afe52b5d5281402a4d95a29d7965\",\"name\":\"Laurence Honnorat\",\"image\":{\"@type\":\"ImageObject\",\"inLanguage\":\"en-US\",\"@id\":\"https:\\\/\\\/laurencehonnorat.com\\\/wp-content\\\/uploads\\\/2025\\\/07\\\/AB7I1073-copy-scaled.jpg\",\"url\":\"https:\\\/\\\/laurencehonnorat.com\\\/wp-content\\\/uploads\\\/2025\\\/07\\\/AB7I1073-copy-scaled.jpg\",\"contentUrl\":\"https:\\\/\\\/laurencehonnorat.com\\\/wp-content\\\/uploads\\\/2025\\\/07\\\/AB7I1073-copy-scaled.jpg\",\"width\":1707,\"height\":2560,\"caption\":\"Laurence Honnorat\"},\"logo\":{\"@id\":\"https:\\\/\\\/laurencehonnorat.com\\\/wp-content\\\/uploads\\\/2025\\\/07\\\/AB7I1073-copy-scaled.jpg\"},\"sameAs\":[\"http:\\\/\\\/laurencehonnorat.com\"]}]}<\/script>\n<!-- \/ Yoast SEO Premium plugin. -->","yoast_head_json":{"title":"Mentions l\u00e9gales - Laurence Honnorat - Story &amp; Vision","robots":{"index":"index","follow":"follow","max-snippet":"max-snippet:-1","max-image-preview":"max-image-preview:large","max-video-preview":"max-video-preview:-1"},"canonical":"https:\/\/laurencehonnorat.com\/index.php\/mentions-legales\/","og_locale":"en_US","og_type":"article","og_title":"Mentions l\u00e9gales","og_description":"Laurence Honnorat Story &amp; Vision Autrice, photographe, conf\u00e9renci\u00e8re &amp; conseil en conception et pilotage d&#8217;\u00e9v\u00e9nements scientifiques Soci\u00e9t\u00e9 : Statut de la soci\u00e9t\u00e9 : entrepreneur individuel Nom de la soci\u00e9t\u00e9 : Laurence Honnorat Story &amp; Vision N\u00b0 Siren :\u00a0989 193 842 N\u00b0 Siret : 98919384200014 APE : 9003B &#8211; Autre cr\u00e9ation artistique Nom du responsable : [&hellip;]","og_url":"https:\/\/laurencehonnorat.com\/index.php\/mentions-legales\/","og_site_name":"Laurence Honnorat - Story &amp; Vision","article_modified_time":"2025-07-21T09:44:12+00:00","twitter_card":"summary_large_image","schema":{"@context":"https:\/\/schema.org","@graph":[{"@type":"WebPage","@id":"https:\/\/laurencehonnorat.com\/index.php\/mentions-legales\/","url":"https:\/\/laurencehonnorat.com\/index.php\/mentions-legales\/","name":"Mentions l\u00e9gales - Laurence Honnorat - Story &amp; Vision","isPartOf":{"@id":"https:\/\/laurencehonnorat.com\/#website"},"datePublished":"2025-07-19T20:12:30+00:00","dateModified":"2025-07-21T09:44:12+00:00","breadcrumb":{"@id":"https:\/\/laurencehonnorat.com\/index.php\/mentions-legales\/#breadcrumb"},"inLanguage":"en-US","potentialAction":[{"@type":"ReadAction","target":["https:\/\/laurencehonnorat.com\/index.php\/mentions-legales\/"]}]},{"@type":"BreadcrumbList","@id":"https:\/\/laurencehonnorat.com\/index.php\/mentions-legales\/#breadcrumb","itemListElement":[{"@type":"ListItem","position":1,"name":"Home","item":"https:\/\/laurencehonnorat.com\/"},{"@type":"ListItem","position":2,"name":"Mentions l\u00e9gales"}]},{"@type":"WebSite","@id":"https:\/\/laurencehonnorat.com\/#website","url":"https:\/\/laurencehonnorat.com\/","name":"Laurence Honnorat - Story & Vision","description":"Autrice - Photographe - Conf\u00e9renci\u00e8re - Project leader","publisher":{"@id":"https:\/\/laurencehonnorat.com\/#\/schema\/person\/2338afe52b5d5281402a4d95a29d7965"},"potentialAction":[{"@type":"SearchAction","target":{"@type":"EntryPoint","urlTemplate":"https:\/\/laurencehonnorat.com\/?s={search_term_string}"},"query-input":{"@type":"PropertyValueSpecification","valueRequired":true,"valueName":"search_term_string"}}],"inLanguage":"en-US"},{"@type":["Person","Organization"],"@id":"https:\/\/laurencehonnorat.com\/#\/schema\/person\/2338afe52b5d5281402a4d95a29d7965","name":"Laurence Honnorat","image":{"@type":"ImageObject","inLanguage":"en-US","@id":"https:\/\/laurencehonnorat.com\/wp-content\/uploads\/2025\/07\/AB7I1073-copy-scaled.jpg","url":"https:\/\/laurencehonnorat.com\/wp-content\/uploads\/2025\/07\/AB7I1073-copy-scaled.jpg","contentUrl":"https:\/\/laurencehonnorat.com\/wp-content\/uploads\/2025\/07\/AB7I1073-copy-scaled.jpg","width":1707,"height":2560,"caption":"Laurence Honnorat"},"logo":{"@id":"https:\/\/laurencehonnorat.com\/wp-content\/uploads\/2025\/07\/AB7I1073-copy-scaled.jpg"},"sameAs":["http:\/\/laurencehonnorat.com"]}]}},"_links":{"self":[{"href":"https:\/\/laurencehonnorat.com\/index.php\/wp-json\/wp\/v2\/pages\/320","targetHints":{"allow":["GET"]}}],"collection":[{"href":"https:\/\/laurencehonnorat.com\/index.php\/wp-json\/wp\/v2\/pages"}],"about":[{"href":"https:\/\/laurencehonnorat.com\/index.php\/wp-json\/wp\/v2\/types\/page"}],"author":[{"embeddable":true,"href":"https:\/\/laurencehonnorat.com\/index.php\/wp-json\/wp\/v2\/users\/1"}],"replies":[{"embeddable":true,"href":"https:\/\/laurencehonnorat.com\/index.php\/wp-json\/wp\/v2\/comments?post=320"}],"version-history":[{"count":70,"href":"https:\/\/laurencehonnorat.com\/index.php\/wp-json\/wp\/v2\/pages\/320\/revisions"}],"predecessor-version":[{"id":911,"href":"https:\/\/laurencehonnorat.com\/index.php\/wp-json\/wp\/v2\/pages\/320\/revisions\/911"}],"wp:attachment":[{"href":"https:\/\/laurencehonnorat.com\/index.php\/wp-json\/wp\/v2\/media?parent=320"}],"curies":[{"name":"wp","href":"https:\/\/api.w.org\/{rel}","templated":true}]}}